{"id":6129,"date":"2021-04-15T13:53:51","date_gmt":"2021-04-15T11:53:51","guid":{"rendered":"https:\/\/pwt.de\/?page_id=6129"},"modified":"2021-04-15T14:22:42","modified_gmt":"2021-04-15T12:22:42","slug":"veri-sorumlusuna-basvuru","status":"publish","type":"page","link":"https:\/\/pwt.de\/tr\/veri-sorumlusuna-basvuru\/","title":{"rendered":"Veri Sorumlusuna Ba\u015fvuru"},"content":{"rendered":"<div class=\"wpb-content-wrapper\"><p>[vc_row][vc_column]<div class='wpb_content_element pwt_empty_space' data-section=\"\">\n\t<div class='d-none d-md-block spacer_very_small' style=''><\/div>\n\t<div class='d-block d-md-none spacer_very_small' style=''><\/div>\n<\/div>[\/vc_column][\/vc_row][vc_row][vc_column width=&#8221;1\/3&#8243;]<div class='wpb_content_element headline'>\n    <p data-field=\"sub_headline\">\n        <span class='sub_headline_light'>Veri Sorumlusuna Ba\u015fvuru<\/span> <span class='sub_headline_thick'>PWT<\/span>\n    <\/p>\n    \n    <div data-field=\"seperator\"><\/div>\n    \n            <h1 data-field=\"headline\">\n            KVKK ve Gizlilik Bildirimi\n        <\/h1>\n    <\/div>[\/vc_column][vc_column width=&#8221;2\/3&#8243;][vc_column_text]<\/p>\n<h2 class=\"fnt_size_3\" style=\"text-align: center;\">Veri Sorumlusuna Ba\u015fvuru<\/h2>\n<h1>&nbsp;<\/h1>\n<h1>&nbsp;<\/h1>\n<h1 style=\"text-align: center;\">PWT WASSER- UND ABWASSERTECHN\u0130K GMBH<\/h1>\n<h1 style=\"text-align: center;\">BA\u015eVURU FORMU<\/h1>\n<p>&nbsp;<\/p>\n<h2>GENEL A\u00c7IKLAMALAR<\/h2>\n<p>6698 Say\u0131l\u0131 Ki\u015fisel Verilerin Korunmas\u0131 Kanunu\u2019nda (\u201cKanunu\u201d) ilgili ki\u015fi olarak tan\u0131mlanan ki\u015fisel veri sahiplerine (\u201cBundan sonra \u201cBa\u015fvuru Sahibi\u201d olarak an\u0131lacakt\u0131r), KVK Kanunu\u2019nun 11\u2019inci maddesinde ki\u015fisel verilerinin i\u015flenmesine ili\u015fkin birtak\u0131m taleplerde bulunma hakk\u0131 tan\u0131nm\u0131\u015ft\u0131r.<\/p>\n<p>KVK Kanunu\u2019nun 13\u2019\u00fcnc\u00fc maddesinin birinci f\u0131kras\u0131 uyar\u0131nca \u015eirketimiz, ba\u015fvuru formunu a\u015fa\u011f\u0131daki gibi d\u00fczenlemi\u015ftir. \u015eirketimize yap\u0131lan ba\u015fvuruda yer alan talepler, talebin niteli\u011fine g\u00f6re en k\u0131sa s\u00fcrede ve talebinizin bizlere ula\u015ft\u0131\u011f\u0131 tarihten itibaren en ge\u00e7 otuz g\u00fcn i\u00e7inde \u00fccretsiz olarak sonu\u00e7land\u0131r\u0131lacakt\u0131r. Ancak, i\u015flemin ayr\u0131ca bir maliyet gerektirmesi h\u00e2linde, Ki\u015fisel Verilerin Korunmas\u0131 Kurulu (\u201cKurul\u201d) taraf\u0131ndan belirlenen tarifedeki \u00fccret al\u0131nabilecektir. \u015eirketimiz Ba\u015fvuru Sahibi \u2019nin talebini kabul edebilir veya gerek\u00e7esini a\u00e7\u0131klayarak reddedebilir. \u015eirketimiz ba\u015fvurunun cevab\u0131n\u0131 Ba\u015fvuru Sahibi\u2019 ne formda belirtti\u011fi bilgilendirme y\u00f6ntemi ile iletir. Ba\u015fvuruda yer alan talebin kabul edilmesi h\u00e2linde \u015eirketimiz taraf\u0131ndan gere\u011fi yerine getirilir.<\/p>\n<p><span class=\"fnt_weight_bold_condensed\">&nbsp; &nbsp;a. Yaz\u0131l\u0131 olarak \u015eirketimize yap\u0131lacak ba\u015fvurular; \u0130\u015fbu Ba\u015fvuru Formu\u2019 nun \u00e7\u0131kt\u0131s\u0131 al\u0131narak;<\/span><\/p>\n<ul>\n<li>Ba\u015fvuru Sahibi \u2019nin B\u00fcy\u00fckdere caddesi 193 Plaza No. 193 Kat 2 Levent\/Istanbul adresli posta adresimize yaz\u0131l\u0131 ve \u0131slak imzal\u0131 ba\u015fvurusu ile,&nbsp;<\/li>\n<li>Noter vas\u0131tas\u0131yla kimlik tespitinizi havi bir dilek\u00e7e ile, taraf\u0131m\u0131za iletilebilecektir.<\/li>\n<\/ul>\n<p><span class=\"fnt_weight_bold_condensed\">&nbsp; &nbsp;b. Elektronik olarak \u015eirketimize yap\u0131lacak ba\u015fvurular;<\/span><\/p>\n<ul>\n<li>Ba\u015fvuru Sahibi \u2019nin 5070 Say\u0131l\u0131 Elektronik \u0130mza Kanununda tan\u0131ml\u0131 olan \u201cg\u00fcvenli elektronik imza\u201d ile imzalanarak \u015eirketimizin kay\u0131tl\u0131 elektronik posta (KEP) adresine g\u00f6nderilmesi suretiyle,<\/li>\n<li>Sistemimize kay\u0131tl\u0131 e-posta adresiniz \u00fczerinden e-posta adresimize elektronik olarak,<\/li>\n<li>Ba\u015fvuru formu doldurulup mobil imza ya da Ba\u015fvuru Sahibi taraf\u0131ndan \u015eirketimize daha \u00f6nce bildirilen ve \u015eirketimiz sisteminde kay\u0131tl\u0131 bulunan elektronik posta adresini kullanarak taraf\u0131m\u0131za iletilebilecektir.<\/li>\n<\/ul>\n<p>Yukar\u0131da belirlenen vas\u0131talar haricinde yap\u0131lan ba\u015fvurular yahut kimli\u011fi teyit eden belgelerin yetersiz oldu\u011fu ba\u015fvurular, bu eksikler giderilene dek veri g\u00fcvenli\u011fini sa\u011flamak ad\u0131na i\u015fleme al\u0131nmaz. Bu kapsamda \u015eirket\u2019in kimlik tespiti yapabilmek ad\u0131na her t\u00fcrl\u00fc teyit edici bilgi ve belge talep etme hakk\u0131 yahut talebin a\u00e7\u0131k olmad\u0131\u011f\u0131 hallerde a\u00e7\u0131klama talep etme haklar\u0131 sakl\u0131d\u0131r.&nbsp;<\/p>\n<p>A\u015fa\u011f\u0131da taraf\u0131n\u0131zca iletilen ba\u015fvurular\u0131n \u015firketimize ula\u015fmas\u0131 i\u00e7in gerekli olan bilgiler verilmektedir.<\/p>\n<p>&nbsp;<\/p>\n<table style=\"height: 742px;\" width=\"1057\">\n<tbody>\n<tr>\n<td width=\"309\">Ba\u015fvuru Y\u00f6ntemi<\/td>\n<td width=\"316\">Ba\u015fvurunun Yap\u0131laca\u011f\u0131 Adres<\/td>\n<td colspan=\"2\" width=\"313\">Ba\u015fvuru G\u00f6nderiminde Belirtilecek Bilgi<\/td>\n<\/tr>\n<tr>\n<td width=\"309\">\u015eahsen Ba\u015fvuru [Ba\u015fvuru sahibinin bizzat gelerek kimli\u011fini tevsik edici belge ile ba\u015fvurmas\u0131]<\/td>\n<td width=\"316\">B\u00fcy\u00fckdere caddesi 193 Plaza No. 193 Kat 2 Levent\/Istanbul<\/td>\n<td colspan=\"2\" width=\"313\">Zarf\u0131n \u00fczerine \u201cKi\u015fisel Verilerin Korunmas\u0131 Kanunu Kapsam\u0131nda Bilgi Talebi\u201d yaz\u0131lacakt\u0131r.<\/td>\n<\/tr>\n<tr>\n<td width=\"309\">Noter Vas\u0131tas\u0131yla Ba\u015fvuru<\/td>\n<td width=\"316\">B\u00fcy\u00fckdere caddesi 193 Plaza No. 193 Kat 2 Levent\/Istanbul<\/td>\n<td colspan=\"2\" width=\"313\">Tebligat zarf\u0131na \u201cKi\u015fisel Verilerin Korunmas\u0131 Kanunu Kapsam\u0131nda Bilgi Talebi\u201d yaz\u0131lacakt\u0131r.<\/td>\n<\/tr>\n<tr>\n<td width=\"309\">G\u00fcvenli Elektronik \u0130mza \u0130le Ba\u015fvuru [G\u00fcvenli elektronik imza ile imzalanarak Kay\u0131tl\u0131 Elektronik Posta (KEP) yoluyla ba\u015fvurmas\u0131]<\/td>\n<td width=\"316\">&nbsp;<a href=\"mailto:pwt@hs02.kep.tr\">pwt@hs02.kep.tr<\/a><\/p>\n<p>&nbsp;<\/p>\n<p>&nbsp;<\/p>\n<p>&nbsp;<\/td>\n<td colspan=\"2\" width=\"313\">E-posta\u2019n\u0131n konu k\u0131sm\u0131na \u201cKi\u015fisel Verilerin Korunmas\u0131 Kanunu Bilgi Talebi\u201d yaz\u0131lacakt\u0131r.<\/td>\n<\/tr>\n<tr>\n<td width=\"309\">Mobil \u0130mza ya da E-imzal\u0131 olarak&nbsp;&nbsp; E-posta \u0130le Ba\u015fvuru [\u0130lgili ki\u015fi taraf\u0131ndan veri sorumlusuna daha \u00f6nce bildirilen ve veri sorumlusunun sisteminde kay\u0131tl\u0131 bulunan elektronik posta adresini kullanmak suretiyle]<\/td>\n<td colspan=\"2\" width=\"319\">&nbsp;pwt.istanbul@pwt.de<\/td>\n<td width=\"309\">E-posta\u2019n\u0131n konu k\u0131sm\u0131na \u201cKi\u015fisel Verilerin Korunmas\u0131 Kanunu Bilgi Talebi\u201d yaz\u0131lacakt\u0131r.<\/td>\n<\/tr>\n<tr>\n<td width=\"309\">&nbsp;<\/td>\n<td width=\"316\">&nbsp;<\/td>\n<td width=\"3\">&nbsp;<\/td>\n<td width=\"309\">&nbsp;<\/td>\n<\/tr>\n<\/tbody>\n<\/table>\n<p>&nbsp;<\/p>\n<p>Talebiniz, 6698 say\u0131l\u0131 Kanun\u2019un 13.maddesinde belirtilen ve yukar\u0131da da sayd\u0131\u011f\u0131m\u0131z y\u00f6ntemlerle g\u00f6nderilmedi\u011fi takdirde taraf\u0131m\u0131zca dikkate al\u0131nmayacakt\u0131r. Usul\u00fcne uygun olarak g\u00f6nderilen talepler Kanun Madde 13\/3 uyar\u0131nca yaz\u0131l\u0131 olarak iletilen adresinize veya elektronik ortamda iletilen elektronik posta adresinize veya g\u00fcvenli elektronik posta adresinize g\u00f6nderim yap\u0131larak cevapland\u0131r\u0131lacakt\u0131r. Bu nedenle taraf\u0131m\u0131za iletilen ki\u015fisel verilerin do\u011frulu\u011fundan ve bu ki\u015fisel verileri payla\u015fmak konusunda yetkili oldu\u011funuzdan emin olunuz.<\/p>\n<p>Forma Ula\u015fmak \u0130\u00e7in L\u00fctfen <a href=\"https:\/\/www.pwt.de\/app\/uploads\/2021\/01\/PWT_Ba%C5%9Fvuru-Formu-application-form.pdf\">t\u0131klay\u0131n\u0131z<\/a>.[\/vc_column_text][\/vc_column][\/vc_row][vc_row][vc_column]<div class='wpb_content_element call_to_action_banner'>\n\n        <div class=\"call_to_action_container \">\n        <div class=\"row\">\n            <div class=\"col-xl-4 col-lg-3 d-none d-lg-block\">\n                <div data-field=\"cta_icon\">\n                <\/div>\n            <\/div>\n            <div class=\"col-xl-8 col-lg-9\">\n                <div data-section=\"banner_content\">\n                    <div data-section=\"content\">\n                        <div data-field=\"headline\">\n                            Your contact to your \n                            <span>PWT Expert<\/span>\n                        <\/div>\n\n                        <div data-field=\"phone\">\n                            <a href='tel:%2B49+6251+980+0' class=''>Tel. +49 6251 980-0<\/a>\n                        <\/div>\n\n                        <div data-field=\"email\">\n                            <a href='\/mail-redirect.php?m=aW5mb0Bwd3QuZGU=' class='mail_link button icon_only bg_aqua_light email_address'>Write an email<\/a>\n                        <\/div>\n                    <\/div>\n\n                                    <\/div>\n            <\/div>\n        <\/div>\n    <\/div>\n\n<\/div>[\/vc_column][\/vc_row]<\/p>\n<\/div>","protected":false},"excerpt":{"rendered":"<p>[vc_row][vc_column][\/vc_column][\/vc_row][vc_row][vc_column width=&#8221;1\/3&#8243;][\/vc_column][vc_column width=&#8221;2\/3&#8243;][vc_column_text] Veri Sorumlusuna Ba\u015fvuru &nbsp; &nbsp; PWT WASSER- UND ABWASSERTECHN\u0130K GMBH BA\u015eVURU FORMU &nbsp; GENEL A\u00c7IKLAMALAR 6698 Say\u0131l\u0131 Ki\u015fisel Verilerin Korunmas\u0131 Kanunu\u2019nda (\u201cKanunu\u201d) ilgili ki\u015fi olarak tan\u0131mlanan ki\u015fisel veri sahiplerine (\u201cBundan sonra \u201cBa\u015fvuru Sahibi\u201d olarak an\u0131lacakt\u0131r), KVK Kanunu\u2019nun 11\u2019inci maddesinde ki\u015fisel verilerinin i\u015flenmesine ili\u015fkin birtak\u0131m taleplerde bulunma hakk\u0131 tan\u0131nm\u0131\u015ft\u0131r. KVK Kanunu\u2019nun 13\u2019\u00fcnc\u00fc maddesinin &hellip; <a href=\"https:\/\/pwt.de\/tr\/veri-sorumlusuna-basvuru\/\">Continued<\/a><\/p>\n","protected":false},"author":6,"featured_media":0,"parent":0,"menu_order":0,"comment_status":"closed","ping_status":"closed","template":"","meta":{"_acf_changed":false,"footnotes":""},"acf":[],"yoast_head":"<!-- This site is optimized with the Yoast SEO plugin v22.8 - https:\/\/yoast.com\/wordpress\/plugins\/seo\/ -->\n<title>Veri Sorumlusuna Ba\u015fvuru - PWT<\/title>\n<meta name=\"robots\" content=\"index, follow, max-snippet:-1, max-image-preview:large, max-video-preview:-1\" \/>\n<link rel=\"canonical\" href=\"https:\/\/pwt.de\/tr\/veri-sorumlusuna-basvuru\/\" \/>\n<meta property=\"og:locale\" content=\"de_DE\" \/>\n<meta property=\"og:type\" content=\"article\" \/>\n<meta property=\"og:title\" content=\"Veri Sorumlusuna Ba\u015fvuru - PWT\" \/>\n<meta property=\"og:description\" content=\"[vc_row][vc_column][\/vc_column][\/vc_row][vc_row][vc_column width=&#8221;1\/3&#8243;][\/vc_column][vc_column width=&#8221;2\/3&#8243;][vc_column_text] Veri Sorumlusuna Ba\u015fvuru &nbsp; &nbsp; PWT WASSER- UND ABWASSERTECHN\u0130K GMBH BA\u015eVURU FORMU &nbsp; GENEL A\u00c7IKLAMALAR 6698 Say\u0131l\u0131 Ki\u015fisel Verilerin Korunmas\u0131 Kanunu\u2019nda (\u201cKanunu\u201d) ilgili ki\u015fi olarak tan\u0131mlanan ki\u015fisel veri sahiplerine (\u201cBundan sonra \u201cBa\u015fvuru Sahibi\u201d olarak an\u0131lacakt\u0131r), KVK Kanunu\u2019nun 11\u2019inci maddesinde ki\u015fisel verilerinin i\u015flenmesine ili\u015fkin birtak\u0131m taleplerde bulunma hakk\u0131 tan\u0131nm\u0131\u015ft\u0131r. KVK Kanunu\u2019nun 13\u2019\u00fcnc\u00fc maddesinin &hellip; Continued\" \/>\n<meta property=\"og:url\" content=\"https:\/\/pwt.de\/tr\/veri-sorumlusuna-basvuru\/\" \/>\n<meta property=\"og:site_name\" content=\"PWT\" \/>\n<meta property=\"article:modified_time\" content=\"2021-04-15T12:22:42+00:00\" \/>\n<meta name=\"twitter:card\" content=\"summary_large_image\" \/>\n<meta name=\"twitter:label1\" content=\"Est. reading time\" \/>\n\t<meta name=\"twitter:data1\" content=\"4 minutes\" \/>\n<script type=\"application\/ld+json\" class=\"yoast-schema-graph\">{\"@context\":\"https:\/\/schema.org\",\"@graph\":[{\"@type\":\"WebPage\",\"@id\":\"https:\/\/pwt.de\/tr\/veri-sorumlusuna-basvuru\/\",\"url\":\"https:\/\/pwt.de\/tr\/veri-sorumlusuna-basvuru\/\",\"name\":\"Veri Sorumlusuna Ba\u015fvuru - PWT\",\"isPartOf\":{\"@id\":\"https:\/\/pwt.de\/#website\"},\"datePublished\":\"2021-04-15T11:53:51+00:00\",\"dateModified\":\"2021-04-15T12:22:42+00:00\",\"breadcrumb\":{\"@id\":\"https:\/\/pwt.de\/tr\/veri-sorumlusuna-basvuru\/#breadcrumb\"},\"inLanguage\":\"tr-TR\",\"potentialAction\":[{\"@type\":\"ReadAction\",\"target\":[\"https:\/\/pwt.de\/tr\/veri-sorumlusuna-basvuru\/\"]}]},{\"@type\":\"BreadcrumbList\",\"@id\":\"https:\/\/pwt.de\/tr\/veri-sorumlusuna-basvuru\/#breadcrumb\",\"itemListElement\":[{\"@type\":\"ListItem\",\"position\":1,\"name\":\"Home\",\"item\":\"https:\/\/pwt.de\/tr\/\"},{\"@type\":\"ListItem\",\"position\":2,\"name\":\"Veri Sorumlusuna Ba\u015fvuru\"}]},{\"@type\":\"WebSite\",\"@id\":\"https:\/\/pwt.de\/#website\",\"url\":\"https:\/\/pwt.de\/\",\"name\":\"PWT\",\"description\":\"Wasser- und Abwassertechnik GmbH\",\"potentialAction\":[{\"@type\":\"SearchAction\",\"target\":{\"@type\":\"EntryPoint\",\"urlTemplate\":\"https:\/\/pwt.de\/?s={search_term_string}\"},\"query-input\":\"required name=search_term_string\"}],\"inLanguage\":\"tr-TR\"}]}<\/script>\n<!-- \/ Yoast SEO plugin. -->","yoast_head_json":{"title":"Veri Sorumlusuna Ba\u015fvuru - PWT","robots":{"index":"index","follow":"follow","max-snippet":"max-snippet:-1","max-image-preview":"max-image-preview:large","max-video-preview":"max-video-preview:-1"},"canonical":"https:\/\/pwt.de\/tr\/veri-sorumlusuna-basvuru\/","og_locale":"de_DE","og_type":"article","og_title":"Veri Sorumlusuna Ba\u015fvuru - PWT","og_description":"[vc_row][vc_column][\/vc_column][\/vc_row][vc_row][vc_column width=&#8221;1\/3&#8243;][\/vc_column][vc_column width=&#8221;2\/3&#8243;][vc_column_text] Veri Sorumlusuna Ba\u015fvuru &nbsp; &nbsp; PWT WASSER- UND ABWASSERTECHN\u0130K GMBH BA\u015eVURU FORMU &nbsp; GENEL A\u00c7IKLAMALAR 6698 Say\u0131l\u0131 Ki\u015fisel Verilerin Korunmas\u0131 Kanunu\u2019nda (\u201cKanunu\u201d) ilgili ki\u015fi olarak tan\u0131mlanan ki\u015fisel veri sahiplerine (\u201cBundan sonra \u201cBa\u015fvuru Sahibi\u201d olarak an\u0131lacakt\u0131r), KVK Kanunu\u2019nun 11\u2019inci maddesinde ki\u015fisel verilerinin i\u015flenmesine ili\u015fkin birtak\u0131m taleplerde bulunma hakk\u0131 tan\u0131nm\u0131\u015ft\u0131r. KVK Kanunu\u2019nun 13\u2019\u00fcnc\u00fc maddesinin &hellip; Continued","og_url":"https:\/\/pwt.de\/tr\/veri-sorumlusuna-basvuru\/","og_site_name":"PWT","article_modified_time":"2021-04-15T12:22:42+00:00","twitter_card":"summary_large_image","twitter_misc":{"Est. reading time":"4 minutes"},"schema":{"@context":"https:\/\/schema.org","@graph":[{"@type":"WebPage","@id":"https:\/\/pwt.de\/tr\/veri-sorumlusuna-basvuru\/","url":"https:\/\/pwt.de\/tr\/veri-sorumlusuna-basvuru\/","name":"Veri Sorumlusuna Ba\u015fvuru - PWT","isPartOf":{"@id":"https:\/\/pwt.de\/#website"},"datePublished":"2021-04-15T11:53:51+00:00","dateModified":"2021-04-15T12:22:42+00:00","breadcrumb":{"@id":"https:\/\/pwt.de\/tr\/veri-sorumlusuna-basvuru\/#breadcrumb"},"inLanguage":"tr-TR","potentialAction":[{"@type":"ReadAction","target":["https:\/\/pwt.de\/tr\/veri-sorumlusuna-basvuru\/"]}]},{"@type":"BreadcrumbList","@id":"https:\/\/pwt.de\/tr\/veri-sorumlusuna-basvuru\/#breadcrumb","itemListElement":[{"@type":"ListItem","position":1,"name":"Home","item":"https:\/\/pwt.de\/tr\/"},{"@type":"ListItem","position":2,"name":"Veri Sorumlusuna Ba\u015fvuru"}]},{"@type":"WebSite","@id":"https:\/\/pwt.de\/#website","url":"https:\/\/pwt.de\/","name":"PWT","description":"Wasser- und Abwassertechnik GmbH","potentialAction":[{"@type":"SearchAction","target":{"@type":"EntryPoint","urlTemplate":"https:\/\/pwt.de\/?s={search_term_string}"},"query-input":"required name=search_term_string"}],"inLanguage":"tr-TR"}]}},"_links":{"self":[{"href":"https:\/\/pwt.de\/tr\/wp-json\/wp\/v2\/pages\/6129"}],"collection":[{"href":"https:\/\/pwt.de\/tr\/wp-json\/wp\/v2\/pages"}],"about":[{"href":"https:\/\/pwt.de\/tr\/wp-json\/wp\/v2\/types\/page"}],"author":[{"embeddable":true,"href":"https:\/\/pwt.de\/tr\/wp-json\/wp\/v2\/users\/6"}],"replies":[{"embeddable":true,"href":"https:\/\/pwt.de\/tr\/wp-json\/wp\/v2\/comments?post=6129"}],"version-history":[{"count":3,"href":"https:\/\/pwt.de\/tr\/wp-json\/wp\/v2\/pages\/6129\/revisions"}],"predecessor-version":[{"id":6146,"href":"https:\/\/pwt.de\/tr\/wp-json\/wp\/v2\/pages\/6129\/revisions\/6146"}],"wp:attachment":[{"href":"https:\/\/pwt.de\/tr\/wp-json\/wp\/v2\/media?parent=6129"}],"curies":[{"name":"wp","href":"https:\/\/api.w.org\/{rel}","templated":true}]}}