{"id":5977,"date":"2021-01-18T14:03:15","date_gmt":"2021-03-04T07:37:00","guid":{"rendered":"https:\/\/pwt.de\/contact\/"},"modified":"2021-03-09T09:23:42","modified_gmt":"2021-03-09T08:23:42","slug":"contact","status":"publish","type":"page","link":"https:\/\/pwt.de\/tr\/contact\/","title":{"rendered":"\u0130leti\u015fim (\u0130ngilizce)\/Kontakt"},"content":{"rendered":"<div class=\"wpb-content-wrapper\"><p>[vc_row][vc_column]<div class='wpb_content_element pwt_empty_space' data-section=\"\">\n\t<div class='d-none d-md-block spacer_big' style=''><\/div>\n\t<div class='d-block d-md-none spacer_big' style=''><\/div>\n<\/div>[\/vc_column][\/vc_row][vc_row][vc_column width=&#8221;1\/4&#8243;]<div class='wpb_content_element headline'>\n    <p data-field=\"sub_headline\">\n        <span class='sub_headline_light'><\/span> <span class='sub_headline_thick'><\/span>\n    <\/p>\n    \n    <div data-field=\"seperator\"><\/div>\n    \n            <h1 data-field=\"headline\">\n            Ihr PWT-Kontakt\n        <\/h1>\n    <\/div>[vc_column_text]<div data-section=\"address\">\n\n\t\t\t\t<a href=\"https:\/\/www.google.de\/maps\/place\/PWT+Wasser-+und+Abwassertechnik+GmbH\/@49.7234234,8.598626,17z\/data=!3m1!4b1!4m5!3m4!1s0x47bd7d0a7627c6a9:0x99a76d5adb86476e!8m2!3d49.72342!4d8.60082\" class=\"\" target=\"_blank\">\n\t\n\t\t\t\t\t\t\t<p data-field=\"company_name\">PWT Wasser- und Abwassertechnik GmbH<\/p>\n\t\t\n\t\t\t\t<p data-field=\"company_address\">\n\t\t\tPlatanenallee 55<br \/>\r\n64673 Zwingenberg \/ Germany\n\t\t<\/p>\n\t\n\t\t\t<\/a>\n\t\n\t\t\t\t<div data-field=\"phone\">\n\t\t\t<a href='tel:%2B49+6251+980+0' class=''>Tel. + 49 6251 980-0<\/a>\n\t\t<\/div>\n\t\n\t\t\n\t\t\t\t<div data-field=\"fax\">\n\t\t\t<a href='tel:%2B49+6251+980+498' class=''>Fax + 49 6251 980-498<\/a>\n\t\t<\/div>\n\t\n\t\t\t\t<div data-field=\"email_address\">\n\t\t\t<a href='\/mail-redirect.php?m=aW5mb0Bwd3QuZGU=' class='mail_link '>info<span class='at'><\/span>pwt.de<\/a>\n\t\t<\/div>\n\t\n\t\t\t\t<a data-field=\"google_map_link\" href=\"https:\/\/www.google.de\/maps\/place\/PWT+Wasser-+und+Abwassertechnik+GmbH\/@49.7234234,8.598626,17z\/data=!3m1!4b1!4m5!3m4!1s0x47bd7d0a7627c6a9:0x99a76d5adb86476e!8m2!3d49.72342!4d8.60082\" target=\"_blank\">\n\t\t\tDirection\n\t\t<\/a>\n\t\n<\/div>[\/vc_column_text][\/vc_column][vc_column width=&#8221;3\/4&#8243;]<div class='wpb_content_element pwt_empty_space' data-section=\"as_headline\">\n\t<div class='d-none d-md-block ' style=''><\/div>\n\t<div class='d-block d-md-none ' style=''><\/div>\n<\/div>[vc_column_text]Water is our Profession. PWT Wasser- und Abwassertechnik GmbH is one of the internationally leading German contractors in the field of Design, Build and Operation of infrastructure projects for water and wastewater treatment. We have more than 50 years\u2019 experience in the realization of turn-key and O&amp;M projects for urban water supply, water treatment for industrial purposes, urban and industrial wastewater treatment, desalination and groundwater depollution. We are dedicated to develop and to execute tailor-made case to case solutions for our clients and our technical expertise guarantees long-term sustainable investments. Our core market is South Eastern and Central Europe, Central Asia, the Middle East and the North Africa Region where we are currently executing large projects in sewage and desalination for private and major public clients. The solution of your problems is a challenge we readily accept.[\/vc_column_text][vc_single_image image=&#8221;5878&#8243; img_size=&#8221;full&#8221; pwt_phone=&#8221;+49 6251 980-0&#8243;][\/vc_column][\/vc_row][vc_row][vc_column][location_container data_source=&#8221;location_based&#8221;][\/location_container][location_container data_source=&#8221;location_based&#8221; location=&#8221;worldwide&#8221;][\/location_container][\/vc_column][\/vc_row]<\/p>\n<\/div>","protected":false},"excerpt":{"rendered":"<p>[vc_row][vc_column][\/vc_column][\/vc_row][vc_row][vc_column width=&#8221;1\/4&#8243;][vc_column_text][\/vc_column_text][\/vc_column][vc_column width=&#8221;3\/4&#8243;][vc_column_text]Water is our Profession. PWT Wasser- und Abwassertechnik GmbH is one of the internationally leading German contractors in the field of Design, Build and Operation of infrastructure projects for water and wastewater treatment. We have more than 50 years\u2019 experience in the realization of turn-key and O&amp;M projects for urban water supply, water &hellip; <a href=\"https:\/\/pwt.de\/tr\/contact\/\">Continued<\/a><\/p>\n","protected":false},"author":1,"featured_media":0,"parent":0,"menu_order":7,"comment_status":"closed","ping_status":"closed","template":"","meta":{"_acf_changed":false,"footnotes":""},"acf":[],"yoast_head":"<!-- This site is optimized with the Yoast SEO plugin v22.8 - https:\/\/yoast.com\/wordpress\/plugins\/seo\/ -->\n<title>Your contact at PWT Wasser- und Abwassertechnik GmbH<\/title>\n<meta name=\"description\" content=\"Get to know our worldwide locations and find out how you can contact us!\" \/>\n<meta name=\"robots\" content=\"index, follow, max-snippet:-1, max-image-preview:large, max-video-preview:-1\" \/>\n<link rel=\"canonical\" href=\"https:\/\/pwt.de\/tr\/contact\/\" \/>\n<meta property=\"og:locale\" content=\"de_DE\" \/>\n<meta property=\"og:type\" content=\"article\" \/>\n<meta property=\"og:title\" content=\"Your contact at PWT Wasser- und Abwassertechnik GmbH\" \/>\n<meta property=\"og:description\" content=\"Get to know our worldwide locations and find out how you can contact us!\" \/>\n<meta property=\"og:url\" content=\"https:\/\/pwt.de\/tr\/contact\/\" \/>\n<meta property=\"og:site_name\" content=\"PWT\" \/>\n<meta property=\"article:modified_time\" content=\"2021-03-09T08:23:42+00:00\" \/>\n<meta name=\"twitter:card\" content=\"summary_large_image\" \/>\n<meta name=\"twitter:label1\" content=\"Est. reading time\" \/>\n\t<meta name=\"twitter:data1\" content=\"1 minute\" \/>\n<script type=\"application\/ld+json\" class=\"yoast-schema-graph\">{\"@context\":\"https:\/\/schema.org\",\"@graph\":[{\"@type\":\"WebPage\",\"@id\":\"https:\/\/pwt.de\/tr\/contact\/\",\"url\":\"https:\/\/pwt.de\/tr\/contact\/\",\"name\":\"Your contact at PWT Wasser- und Abwassertechnik GmbH\",\"isPartOf\":{\"@id\":\"https:\/\/pwt.de\/#website\"},\"datePublished\":\"2021-03-04T07:37:00+00:00\",\"dateModified\":\"2021-03-09T08:23:42+00:00\",\"description\":\"Get to know our worldwide locations and find out how you can contact us!\",\"breadcrumb\":{\"@id\":\"https:\/\/pwt.de\/tr\/contact\/#breadcrumb\"},\"inLanguage\":\"tr-TR\",\"potentialAction\":[{\"@type\":\"ReadAction\",\"target\":[\"https:\/\/pwt.de\/tr\/contact\/\"]}]},{\"@type\":\"BreadcrumbList\",\"@id\":\"https:\/\/pwt.de\/tr\/contact\/#breadcrumb\",\"itemListElement\":[{\"@type\":\"ListItem\",\"position\":1,\"name\":\"Home\",\"item\":\"https:\/\/pwt.de\/tr\/\"},{\"@type\":\"ListItem\",\"position\":2,\"name\":\"\u0130leti\u015fim (\u0130ngilizce)\/Kontakt\"}]},{\"@type\":\"WebSite\",\"@id\":\"https:\/\/pwt.de\/#website\",\"url\":\"https:\/\/pwt.de\/\",\"name\":\"PWT\",\"description\":\"Wasser- und Abwassertechnik GmbH\",\"potentialAction\":[{\"@type\":\"SearchAction\",\"target\":{\"@type\":\"EntryPoint\",\"urlTemplate\":\"https:\/\/pwt.de\/?s={search_term_string}\"},\"query-input\":\"required name=search_term_string\"}],\"inLanguage\":\"tr-TR\"}]}<\/script>\n<!-- \/ Yoast SEO plugin. -->","yoast_head_json":{"title":"Your contact at PWT Wasser- und Abwassertechnik GmbH","description":"Get to know our worldwide locations and find out how you can contact us!","robots":{"index":"index","follow":"follow","max-snippet":"max-snippet:-1","max-image-preview":"max-image-preview:large","max-video-preview":"max-video-preview:-1"},"canonical":"https:\/\/pwt.de\/tr\/contact\/","og_locale":"de_DE","og_type":"article","og_title":"Your contact at PWT Wasser- und Abwassertechnik GmbH","og_description":"Get to know our worldwide locations and find out how you can contact us!","og_url":"https:\/\/pwt.de\/tr\/contact\/","og_site_name":"PWT","article_modified_time":"2021-03-09T08:23:42+00:00","twitter_card":"summary_large_image","twitter_misc":{"Est. reading time":"1 minute"},"schema":{"@context":"https:\/\/schema.org","@graph":[{"@type":"WebPage","@id":"https:\/\/pwt.de\/tr\/contact\/","url":"https:\/\/pwt.de\/tr\/contact\/","name":"Your contact at PWT Wasser- und Abwassertechnik GmbH","isPartOf":{"@id":"https:\/\/pwt.de\/#website"},"datePublished":"2021-03-04T07:37:00+00:00","dateModified":"2021-03-09T08:23:42+00:00","description":"Get to know our worldwide locations and find out how you can contact us!","breadcrumb":{"@id":"https:\/\/pwt.de\/tr\/contact\/#breadcrumb"},"inLanguage":"tr-TR","potentialAction":[{"@type":"ReadAction","target":["https:\/\/pwt.de\/tr\/contact\/"]}]},{"@type":"BreadcrumbList","@id":"https:\/\/pwt.de\/tr\/contact\/#breadcrumb","itemListElement":[{"@type":"ListItem","position":1,"name":"Home","item":"https:\/\/pwt.de\/tr\/"},{"@type":"ListItem","position":2,"name":"\u0130leti\u015fim (\u0130ngilizce)\/Kontakt"}]},{"@type":"WebSite","@id":"https:\/\/pwt.de\/#website","url":"https:\/\/pwt.de\/","name":"PWT","description":"Wasser- und Abwassertechnik GmbH","potentialAction":[{"@type":"SearchAction","target":{"@type":"EntryPoint","urlTemplate":"https:\/\/pwt.de\/?s={search_term_string}"},"query-input":"required name=search_term_string"}],"inLanguage":"tr-TR"}]}},"_links":{"self":[{"href":"https:\/\/pwt.de\/tr\/wp-json\/wp\/v2\/pages\/5977"}],"collection":[{"href":"https:\/\/pwt.de\/tr\/wp-json\/wp\/v2\/pages"}],"about":[{"href":"https:\/\/pwt.de\/tr\/wp-json\/wp\/v2\/types\/page"}],"author":[{"embeddable":true,"href":"https:\/\/pwt.de\/tr\/wp-json\/wp\/v2\/users\/1"}],"replies":[{"embeddable":true,"href":"https:\/\/pwt.de\/tr\/wp-json\/wp\/v2\/comments?post=5977"}],"version-history":[{"count":6,"href":"https:\/\/pwt.de\/tr\/wp-json\/wp\/v2\/pages\/5977\/revisions"}],"predecessor-version":[{"id":6048,"href":"https:\/\/pwt.de\/tr\/wp-json\/wp\/v2\/pages\/5977\/revisions\/6048"}],"wp:attachment":[{"href":"https:\/\/pwt.de\/tr\/wp-json\/wp\/v2\/media?parent=5977"}],"curies":[{"name":"wp","href":"https:\/\/api.w.org\/{rel}","templated":true}]}}